{"id":16,"date":"2009-09-19T18:39:25","date_gmt":"2009-09-19T16:39:25","guid":{"rendered":"http:\/\/blog.meine-birmas.de\/?page_id=16"},"modified":"2009-12-19T16:19:43","modified_gmt":"2009-12-19T14:19:43","slug":"kessy","status":"publish","type":"page","link":"http:\/\/www.meine-birmas.de\/?page_id=16","title":{"rendered":"Kessy"},"content":{"rendered":"<p>Mahazedi&#8217;s Que Sara<br \/>\nblue-tabby Point<br \/>\nam 21. Mai 2000 geboren<\/p>\n<p>Unsere Liebe zu den Birmas begann 1999 mit unserem Birmakater Yannic, der leider im Dezember 2002 viel zu fr\u00fch \u00fcber die Regenbogenbr\u00fccke gegangen ist.<\/p>\n<p>Weil Yannic einen Spielgef\u00e4hrten haben sollte, machten wir uns auf die Suche nach einer zweiten Birma. Und so bekam Kessy im September 2000 ein neues Zuhause.<\/p>\n<p>Wir haben unseren Entschlu\u00df nie bereut.<\/p>\n<p>Kessy ist eine sehr eigenst\u00e4ndige und sehr soziale Katze. Streicheleinheiten ja,aber bitte nur wenn sie will.<br \/>\nBin ich mit einer Katze mal am schimpfen steht sie dem S\u00fcnder sofort zur Seite.<\/p>\n<p>Fressen ist eine ihrer Lieblingsbesch\u00e4ftigungen. Morgens sitzt sie schon an meinem Bett und<br \/>\nwartet auf ihr Fr\u00fchst\u00fcck. Abends &#8222;erinnert&#8220; sie mich auch zeitig das es doch bald wieder Zeit f\u00fcr Nachschub sei.<\/p>\n<p>Danke, liebe <a href=\"http:\/\/www.mahazedis.de\" target=\"_blank\">Ute<\/a>, f\u00fcr diese s\u00fcsse Katzendame.<\/p>\n<p><a onclick=\"ps_imagemanager_popup(this.href,'Temp_Challenge_02.jpg','650','650');return false\" href=\"\/wp-content\/uploads\/Temp_Challenge_02.jpg\" onfocus=\"this.blur()\" onclick=\"return enlarge('http:\/\/www.meine-birmas.de\/wp-content\/plugins\/zap_imgpop\/','\/wp-content\/uploads\/Temp_Challenge_02.jpg','',event,300,75)\"><img decoding=\"async\" loading=\"lazy\" title=\"Kessy\" src=\"\/wp-content\/uploads\/.thumbs\/.Temp_Challenge_02.jpg\" border=\"0\" alt=\"Kessy\" width=\"350\" height=\"350\" align=\"middle\" \/><\/a><\/p>\n","protected":false},"excerpt":{"rendered":"<p>Mahazedi&#8217;s Que Sara blue-tabby Point am 21. Mai 2000 geboren Unsere Liebe zu den Birmas begann 1999 mit unserem Birmakater Yannic, der leider im Dezember 2002 viel zu fr\u00fch \u00fcber die Regenbogenbr\u00fccke gegangen ist. Weil Yannic einen Spielgef\u00e4hrten haben sollte, machten wir uns auf die Suche nach einer zweiten Birma. Und so bekam Kessy im [&hellip;]<\/p>\n","protected":false},"author":2,"featured_media":0,"parent":13,"menu_order":0,"comment_status":"closed","ping_status":"open","template":"","meta":[],"_links":{"self":[{"href":"http:\/\/www.meine-birmas.de\/index.php?rest_route=\/wp\/v2\/pages\/16"}],"collection":[{"href":"http:\/\/www.meine-birmas.de\/index.php?rest_route=\/wp\/v2\/pages"}],"about":[{"href":"http:\/\/www.meine-birmas.de\/index.php?rest_route=\/wp\/v2\/types\/page"}],"author":[{"embeddable":true,"href":"http:\/\/www.meine-birmas.de\/index.php?rest_route=\/wp\/v2\/users\/2"}],"replies":[{"embeddable":true,"href":"http:\/\/www.meine-birmas.de\/index.php?rest_route=%2Fwp%2Fv2%2Fcomments&post=16"}],"version-history":[{"count":3,"href":"http:\/\/www.meine-birmas.de\/index.php?rest_route=\/wp\/v2\/pages\/16\/revisions"}],"predecessor-version":[{"id":159,"href":"http:\/\/www.meine-birmas.de\/index.php?rest_route=\/wp\/v2\/pages\/16\/revisions\/159"}],"up":[{"embeddable":true,"href":"http:\/\/www.meine-birmas.de\/index.php?rest_route=\/wp\/v2\/pages\/13"}],"wp:attachment":[{"href":"http:\/\/www.meine-birmas.de\/index.php?rest_route=%2Fwp%2Fv2%2Fmedia&parent=16"}],"curies":[{"name":"wp","href":"https:\/\/api.w.org\/{rel}","templated":true}]}}