{"id":28,"date":"2009-09-19T18:43:04","date_gmt":"2009-09-19T16:43:04","guid":{"rendered":"http:\/\/blog.meine-birmas.de\/?page_id=28"},"modified":"2009-12-19T16:21:07","modified_gmt":"2009-12-19T14:21:07","slug":"snoopy","status":"publish","type":"page","link":"http:\/\/www.meine-birmas.de\/?page_id=28","title":{"rendered":"Snoopy"},"content":{"rendered":"<p>Snoopy &#8211; unvergessen<br \/>\nApril 2008 &#8211; August 2009<\/p>\n<p>Mein geliebter, kleiner Charmeur ist nicht mehr bei uns.<\/p>\n<p>Snoopy war ein so besonderer Kater. So liebenswert, schmusig und sonnig. Frech konnte er sein, aber schimpfen konnte ich nicht mit ihm, er schaute mich mit seinen wundersch\u00f6nen, dunkelblauen Augen an und alles war vergeben und vergessen.<\/p>\n<p>Viel zu kurz war seine Zeit bei uns, aber ich m\u00f6chte keine Minute davon missen.<br \/>\nMein Herz ist noch zu schwer um heute mehr zu schreiben&#8230;<\/p>\n<p>Ein gro\u00dfes Danke an dieser Stelle an seine Tier\u00e4rztin, die selbst am Samstag und Sonntag f\u00fcr ihn und uns da war und mit uns gehofft und gebangt hat.<\/p>\n<p><a onclick=\"ps_imagemanager_popup(this.href,'snoopy1.jpg','800','533');return false\" href=\"\/wp-content\/uploads\/snoopy1.jpg\" onfocus=\"this.blur()\" onclick=\"return enlarge('http:\/\/www.meine-birmas.de\/wp-content\/plugins\/zap_imgpop\/','\/wp-content\/uploads\/snoopy1.jpg','',event,300,75)\"><img decoding=\"async\" loading=\"lazy\" title=\"Snoopy\" src=\"\/wp-content\/uploads\/.thumbs\/.snoopy1.jpg\" border=\"0\" alt=\"Snoopy\" width=\"350\" height=\"233\" align=\"middle\" \/><\/a><\/p>\n","protected":false},"excerpt":{"rendered":"<p>Snoopy &#8211; unvergessen April 2008 &#8211; August 2009 Mein geliebter, kleiner Charmeur ist nicht mehr bei uns. Snoopy war ein so besonderer Kater. So liebenswert, schmusig und sonnig. Frech konnte er sein, aber schimpfen konnte ich nicht mit ihm, er schaute mich mit seinen wundersch\u00f6nen, dunkelblauen Augen an und alles war vergeben und vergessen. Viel [&hellip;]<\/p>\n","protected":false},"author":2,"featured_media":0,"parent":13,"menu_order":5,"comment_status":"closed","ping_status":"open","template":"","meta":[],"_links":{"self":[{"href":"http:\/\/www.meine-birmas.de\/index.php?rest_route=\/wp\/v2\/pages\/28"}],"collection":[{"href":"http:\/\/www.meine-birmas.de\/index.php?rest_route=\/wp\/v2\/pages"}],"about":[{"href":"http:\/\/www.meine-birmas.de\/index.php?rest_route=\/wp\/v2\/types\/page"}],"author":[{"embeddable":true,"href":"http:\/\/www.meine-birmas.de\/index.php?rest_route=\/wp\/v2\/users\/2"}],"replies":[{"embeddable":true,"href":"http:\/\/www.meine-birmas.de\/index.php?rest_route=%2Fwp%2Fv2%2Fcomments&post=28"}],"version-history":[{"count":1,"href":"http:\/\/www.meine-birmas.de\/index.php?rest_route=\/wp\/v2\/pages\/28\/revisions"}],"predecessor-version":[{"id":163,"href":"http:\/\/www.meine-birmas.de\/index.php?rest_route=\/wp\/v2\/pages\/28\/revisions\/163"}],"up":[{"embeddable":true,"href":"http:\/\/www.meine-birmas.de\/index.php?rest_route=\/wp\/v2\/pages\/13"}],"wp:attachment":[{"href":"http:\/\/www.meine-birmas.de\/index.php?rest_route=%2Fwp%2Fv2%2Fmedia&parent=28"}],"curies":[{"name":"wp","href":"https:\/\/api.w.org\/{rel}","templated":true}]}}