{"id":6,"date":"2009-09-19T18:35:10","date_gmt":"2009-09-19T16:35:10","guid":{"rendered":"http:\/\/blog.meine-birmas.de\/?page_id=6"},"modified":"2009-12-19T16:16:14","modified_gmt":"2009-12-19T14:16:14","slug":"uber-mich","status":"publish","type":"page","link":"http:\/\/www.meine-birmas.de\/?page_id=6","title":{"rendered":"\u00dcber mich"},"content":{"rendered":"<p>Mein Interesse an Katzen war schon immer gro\u00df; laufen gelernt habe ich, weil ich jungen K\u00e4tzchen folgen wollte; w\u00e4hrend meiner Kindheit schloss ich die Hauskatzen meiner Grosseltern, zwei Freig\u00e4nger,ins Herz, aber bis 1999 hatte ich noch nie eine Katze besessen.<\/p>\n<p>Im Juni 1999, w\u00e4hrend eines Urlaubs auf einem Bauernhof in Ostfriesland, mit drei wundersch\u00f6nen Hofkatzen, war die Sehnsucht nach einer eigenen Katze wieder da. Kurz danach kaufte ich mir eine Katzenzeitschrift, eigentlich nur um die Sch\u00f6nheiten zu bewundern. Ein Rasseportr\u00e4t \u00fcber Maskenkatzen machte mich neugierig, und ich sammelte weitere Informationen im Internet und aus unz\u00e4hligen B\u00fcchern. Mein Mann war von der Idee eine Katze anzuschaffen zuerst nicht sonderlich begeistert, stimmte jedoch zu, erst mal weitere Informationen auf einer Katzenausstellung einzuholen.<\/p>\n<p>Dort konnte ich sie bewundern, die blau\u00e4ugigen Birmas mit ihrem vertr\u00e4umten Blick und auch mein Mann und unser Sohn stimmten zu, wenn es eine Katze sein sollte, dann eine Heilige Birma. Das Einzige, was mich noch zur\u00fcckhielt war der &#8222;hohe&#8220; Kaufpreis.<\/p>\n<p>Ich dachte zu diesem Zeitpunkt, dass die Z\u00fcchter gut verdienen w\u00fcrden, aber heute weiss ich, dass die Katzenzucht ein teures Hobby ist, und oft der Verkaufserl\u00f6s lediglich die Unkosten deckt. Zudem bin ich heute sicher, dass eine liebevolle Aufzucht entschieden mehr wert ist, als nur ein g\u00fcnstiger Verkaufspreis.<\/p>\n<p>Nach ein paar Tagen Bedenkzeit, entschlossen wir uns dann doch die Summe zu investieren, und ich vereinbarte Termine bei einigen Z\u00fcchtern. Und so kam ich doch noch zu meiner Birma.<\/p>\n<p>Knapp ein Jahr sp\u00e4ter kam die Zweite dazu&#8230;<\/p>\n<p>Heute sind es 4 Stubentiger mit denen wir unser Leben teilen.<\/p>\n","protected":false},"excerpt":{"rendered":"<p>Mein Interesse an Katzen war schon immer gro\u00df; laufen gelernt habe ich, weil ich jungen K\u00e4tzchen folgen wollte; w\u00e4hrend meiner Kindheit schloss ich die Hauskatzen meiner Grosseltern, zwei Freig\u00e4nger,ins Herz, aber bis 1999 hatte ich noch nie eine Katze besessen. Im Juni 1999, w\u00e4hrend eines Urlaubs auf einem Bauernhof in Ostfriesland, mit drei wundersch\u00f6nen Hofkatzen, [&hellip;]<\/p>\n","protected":false},"author":2,"featured_media":0,"parent":0,"menu_order":1,"comment_status":"closed","ping_status":"open","template":"","meta":[],"_links":{"self":[{"href":"http:\/\/www.meine-birmas.de\/index.php?rest_route=\/wp\/v2\/pages\/6"}],"collection":[{"href":"http:\/\/www.meine-birmas.de\/index.php?rest_route=\/wp\/v2\/pages"}],"about":[{"href":"http:\/\/www.meine-birmas.de\/index.php?rest_route=\/wp\/v2\/types\/page"}],"author":[{"embeddable":true,"href":"http:\/\/www.meine-birmas.de\/index.php?rest_route=\/wp\/v2\/users\/2"}],"replies":[{"embeddable":true,"href":"http:\/\/www.meine-birmas.de\/index.php?rest_route=%2Fwp%2Fv2%2Fcomments&post=6"}],"version-history":[{"count":1,"href":"http:\/\/www.meine-birmas.de\/index.php?rest_route=\/wp\/v2\/pages\/6\/revisions"}],"predecessor-version":[{"id":155,"href":"http:\/\/www.meine-birmas.de\/index.php?rest_route=\/wp\/v2\/pages\/6\/revisions\/155"}],"wp:attachment":[{"href":"http:\/\/www.meine-birmas.de\/index.php?rest_route=%2Fwp%2Fv2%2Fmedia&parent=6"}],"curies":[{"name":"wp","href":"https:\/\/api.w.org\/{rel}","templated":true}]}}